{"id":184,"date":"2018-05-29T02:54:51","date_gmt":"2018-05-29T02:54:51","guid":{"rendered":"http:\/\/safcomred.cl\/?post_type=product&#038;p=184"},"modified":"2022-12-19T22:17:18","modified_gmt":"2022-12-19T22:17:18","slug":"equipo-tri-hibrido-hcvr-8-canales-2ip-onvif-hdcvi-ip-analogo","status":"publish","type":"product","link":"https:\/\/safcomred.cl\/index.php\/product\/equipo-tri-hibrido-hcvr-8-canales-2ip-onvif-hdcvi-ip-analogo\/","title":{"rendered":"Equipo Tri-H\u00edbrido Alhua HCVR 8 canales + 2ip Onvif (HDCVI, IP, An\u00e1logo) ."},"content":{"rendered":"","protected":false},"excerpt":{"rendered":"<div class=\"_MarcoFoto\">8 entradas de video an\u00e1logo mediante BNC de 75 \u03a9 de 1V.<br \/>\n&#8211; 1 entrada de audio RCA, 1 salida de audio RCA.<br \/>\n&#8211; Detecta autom\u00e1ticamente c\u00e1maras con audio HDCVI integrado.<br \/>\n&#8211; Soporta visualizaci\u00f3n de c\u00e1maras HDCVI a 720p y 1080p en todos los canales a 720p.<br \/>\n&#8211; Soporta c\u00e1maras an\u00e1logas a 960H en todos los canales .<br \/>\n&#8211; Soporta 2 c\u00e1mara IP de hasta 5MP adicional a los 8 canales.<br \/>\n&#8211;\u00a0<strong>Grabaci\u00f3n HDCVI: 720p a 15fps en todos los canales.\u00a0<\/strong><br \/>\n&#8211; Grabaci\u00f3n An\u00e1loga: 960H 30fps en todos los canales.<br \/>\n&#8211; Grabaci\u00f3n IP: 40Mbps .<br \/>\n&#8211; Resoluci\u00f3n visualizaci\u00f3n v\u00eda HDMI : (1080p).<br \/>\n&#8211; Soporta 1 disco duro de hasta 8 TB.<br \/>\n&#8211; Soporta teclado en red NKB.<br \/>\n&#8211; Soporta control de c\u00e1maras PTZ v\u00eda protocolo HDCVI y Rs485.<br \/>\n&#8211; Soporta P2P, DDNS y red 10\/100 Mbps.<br \/>\n&#8211; Es posible visualizar en PSS, SmartPSS, gDMSS e iDMSS.<br \/>\n&#8211; Compatible con windows, Apple, Android, IOS, Windows Phone<br \/>\n&#8211; Ancho 26 cm, Profundidad 22 cm, Altura 4 cm.<br \/>\n&#8211; Garant\u00eda: 1 a\u00f1o.<\/div>\n<p>Total a pagar: $63.500<\/p>\n","protected":false},"featured_media":186,"comment_status":"open","ping_status":"closed","template":"","meta":[],"product_brand":[],"product_cat":[18],"product_tag":[],"class_list":{"0":"post-184","1":"product","2":"type-product","3":"status-publish","4":"has-post-thumbnail","6":"product_cat-dvr","8":"first","9":"instock","10":"taxable","11":"shipping-taxable","12":"purchasable","13":"product-type-simple"},"yoast_head":"<!-- This site is optimized with the Yoast SEO plugin v27.4 - https:\/\/yoast.com\/product\/yoast-seo-wordpress\/ -->\n<title>Equipo Tri-H\u00edbrido Alhua HCVR 8 canales + 2ip Onvif (HDCVI, IP, An\u00e1logo) . - Computacion-Redes y CCTV<\/title>\n<meta name=\"robots\" content=\"index, follow, max-snippet:-1, max-image-preview:large, max-video-preview:-1\" \/>\n<link rel=\"canonical\" href=\"https:\/\/safcomred.cl\/index.php\/product\/equipo-tri-hibrido-hcvr-8-canales-2ip-onvif-hdcvi-ip-analogo\/\" \/>\n<meta property=\"og:locale\" content=\"es_ES\" \/>\n<meta property=\"og:type\" content=\"article\" \/>\n<meta property=\"og:title\" content=\"Equipo Tri-H\u00edbrido Alhua HCVR 8 canales + 2ip Onvif (HDCVI, IP, An\u00e1logo) . - Computacion-Redes y CCTV\" \/>\n<meta property=\"og:description\" content=\"8 entradas de video an\u00e1logo mediante BNC de 75 \u03a9 de 1V. - 1 entrada de audio RCA, 1 salida de audio RCA. - Detecta autom\u00e1ticamente c\u00e1maras con audio HDCVI integrado. - Soporta visualizaci\u00f3n de c\u00e1maras HDCVI a 720p y 1080p en todos los canales a 720p. - Soporta c\u00e1maras an\u00e1logas a 960H en todos los canales . - Soporta 2 c\u00e1mara IP de hasta 5MP adicional a los 8 canales. -\u00a0Grabaci\u00f3n HDCVI: 720p a 15fps en todos los canales.\u00a0 - Grabaci\u00f3n An\u00e1loga: 960H 30fps en todos los canales. - Grabaci\u00f3n IP: 40Mbps . - Resoluci\u00f3n visualizaci\u00f3n v\u00eda HDMI : (1080p). - Soporta 1 disco duro de hasta 8 TB. - Soporta teclado en red NKB. - Soporta control de c\u00e1maras PTZ v\u00eda protocolo HDCVI y Rs485. - Soporta P2P, DDNS y red 10\/100 Mbps. - Es posible visualizar en PSS, SmartPSS, gDMSS e iDMSS. - Compatible con windows, Apple, Android, IOS, Windows Phone - Ancho 26 cm, Profundidad 22 cm, Altura 4 cm. - Garant\u00eda: 1 a\u00f1o. Total a pagar: $63.500\" \/>\n<meta property=\"og:url\" content=\"https:\/\/safcomred.cl\/index.php\/product\/equipo-tri-hibrido-hcvr-8-canales-2ip-onvif-hdcvi-ip-analogo\/\" \/>\n<meta property=\"og:site_name\" content=\"Computacion-Redes y CCTV\" \/>\n<meta property=\"article:modified_time\" content=\"2022-12-19T22:17:18+00:00\" \/>\n<meta property=\"og:image\" content=\"https:\/\/safcomred.cl\/wp-content\/uploads\/2018\/05\/dvr8.jpg\" \/>\n\t<meta property=\"og:image:width\" content=\"345\" \/>\n\t<meta property=\"og:image:height\" content=\"168\" \/>\n\t<meta property=\"og:image:type\" content=\"image\/jpeg\" \/>\n<meta name=\"twitter:card\" content=\"summary_large_image\" \/>\n<script type=\"application\/ld+json\" class=\"yoast-schema-graph\">{\"@context\":\"https:\\\/\\\/schema.org\",\"@graph\":[{\"@type\":\"WebPage\",\"@id\":\"https:\\\/\\\/safcomred.cl\\\/index.php\\\/product\\\/equipo-tri-hibrido-hcvr-8-canales-2ip-onvif-hdcvi-ip-analogo\\\/\",\"url\":\"https:\\\/\\\/safcomred.cl\\\/index.php\\\/product\\\/equipo-tri-hibrido-hcvr-8-canales-2ip-onvif-hdcvi-ip-analogo\\\/\",\"name\":\"Equipo Tri-H\u00edbrido Alhua HCVR 8 canales + 2ip Onvif (HDCVI, IP, An\u00e1logo) . - Computacion-Redes y CCTV\",\"isPartOf\":{\"@id\":\"https:\\\/\\\/safcomred.cl\\\/#website\"},\"primaryImageOfPage\":{\"@id\":\"https:\\\/\\\/safcomred.cl\\\/index.php\\\/product\\\/equipo-tri-hibrido-hcvr-8-canales-2ip-onvif-hdcvi-ip-analogo\\\/#primaryimage\"},\"image\":{\"@id\":\"https:\\\/\\\/safcomred.cl\\\/index.php\\\/product\\\/equipo-tri-hibrido-hcvr-8-canales-2ip-onvif-hdcvi-ip-analogo\\\/#primaryimage\"},\"thumbnailUrl\":\"https:\\\/\\\/safcomred.cl\\\/wp-content\\\/uploads\\\/2018\\\/05\\\/dvr8.jpg\",\"datePublished\":\"2018-05-29T02:54:51+00:00\",\"dateModified\":\"2022-12-19T22:17:18+00:00\",\"breadcrumb\":{\"@id\":\"https:\\\/\\\/safcomred.cl\\\/index.php\\\/product\\\/equipo-tri-hibrido-hcvr-8-canales-2ip-onvif-hdcvi-ip-analogo\\\/#breadcrumb\"},\"inLanguage\":\"es-CL\",\"potentialAction\":[{\"@type\":\"ReadAction\",\"target\":[\"https:\\\/\\\/safcomred.cl\\\/index.php\\\/product\\\/equipo-tri-hibrido-hcvr-8-canales-2ip-onvif-hdcvi-ip-analogo\\\/\"]}]},{\"@type\":\"ImageObject\",\"inLanguage\":\"es-CL\",\"@id\":\"https:\\\/\\\/safcomred.cl\\\/index.php\\\/product\\\/equipo-tri-hibrido-hcvr-8-canales-2ip-onvif-hdcvi-ip-analogo\\\/#primaryimage\",\"url\":\"https:\\\/\\\/safcomred.cl\\\/wp-content\\\/uploads\\\/2018\\\/05\\\/dvr8.jpg\",\"contentUrl\":\"https:\\\/\\\/safcomred.cl\\\/wp-content\\\/uploads\\\/2018\\\/05\\\/dvr8.jpg\",\"width\":345,\"height\":168},{\"@type\":\"BreadcrumbList\",\"@id\":\"https:\\\/\\\/safcomred.cl\\\/index.php\\\/product\\\/equipo-tri-hibrido-hcvr-8-canales-2ip-onvif-hdcvi-ip-analogo\\\/#breadcrumb\",\"itemListElement\":[{\"@type\":\"ListItem\",\"position\":1,\"name\":\"Shop\",\"item\":\"https:\\\/\\\/safcomred.cl\\\/index.php\\\/shop-2\\\/\"},{\"@type\":\"ListItem\",\"position\":2,\"name\":\"Equipo Tri-H\u00edbrido Alhua HCVR 8 canales + 2ip Onvif (HDCVI, IP, An\u00e1logo) .\"}]},{\"@type\":\"WebSite\",\"@id\":\"https:\\\/\\\/safcomred.cl\\\/#website\",\"url\":\"https:\\\/\\\/safcomred.cl\\\/\",\"name\":\"Computacion-Redes y CCTV\",\"description\":\"Gestion-Mantencion-instalacion \",\"publisher\":{\"@id\":\"https:\\\/\\\/safcomred.cl\\\/#organization\"},\"potentialAction\":[{\"@type\":\"SearchAction\",\"target\":{\"@type\":\"EntryPoint\",\"urlTemplate\":\"https:\\\/\\\/safcomred.cl\\\/?s={search_term_string}\"},\"query-input\":{\"@type\":\"PropertyValueSpecification\",\"valueRequired\":true,\"valueName\":\"search_term_string\"}}],\"inLanguage\":\"es-CL\"},{\"@type\":\"Organization\",\"@id\":\"https:\\\/\\\/safcomred.cl\\\/#organization\",\"name\":\"Computacion-Redes y CCTV\",\"url\":\"https:\\\/\\\/safcomred.cl\\\/\",\"logo\":{\"@type\":\"ImageObject\",\"inLanguage\":\"es-CL\",\"@id\":\"https:\\\/\\\/safcomred.cl\\\/#\\\/schema\\\/logo\\\/image\\\/\",\"url\":\"https:\\\/\\\/safcomred.cl\\\/wp-content\\\/uploads\\\/2025\\\/01\\\/encabezado.jpg\",\"contentUrl\":\"https:\\\/\\\/safcomred.cl\\\/wp-content\\\/uploads\\\/2025\\\/01\\\/encabezado.jpg\",\"width\":1024,\"height\":111,\"caption\":\"Computacion-Redes y CCTV\"},\"image\":{\"@id\":\"https:\\\/\\\/safcomred.cl\\\/#\\\/schema\\\/logo\\\/image\\\/\"}}]}<\/script>\n<!-- \/ Yoast SEO plugin. -->","yoast_head_json":{"title":"Equipo Tri-H\u00edbrido Alhua HCVR 8 canales + 2ip Onvif (HDCVI, IP, An\u00e1logo) . - Computacion-Redes y CCTV","robots":{"index":"index","follow":"follow","max-snippet":"max-snippet:-1","max-image-preview":"max-image-preview:large","max-video-preview":"max-video-preview:-1"},"canonical":"https:\/\/safcomred.cl\/index.php\/product\/equipo-tri-hibrido-hcvr-8-canales-2ip-onvif-hdcvi-ip-analogo\/","og_locale":"es_ES","og_type":"article","og_title":"Equipo Tri-H\u00edbrido Alhua HCVR 8 canales + 2ip Onvif (HDCVI, IP, An\u00e1logo) . - Computacion-Redes y CCTV","og_description":"8 entradas de video an\u00e1logo mediante BNC de 75 \u03a9 de 1V. - 1 entrada de audio RCA, 1 salida de audio RCA. - Detecta autom\u00e1ticamente c\u00e1maras con audio HDCVI integrado. - Soporta visualizaci\u00f3n de c\u00e1maras HDCVI a 720p y 1080p en todos los canales a 720p. - Soporta c\u00e1maras an\u00e1logas a 960H en todos los canales . - Soporta 2 c\u00e1mara IP de hasta 5MP adicional a los 8 canales. -\u00a0Grabaci\u00f3n HDCVI: 720p a 15fps en todos los canales.\u00a0 - Grabaci\u00f3n An\u00e1loga: 960H 30fps en todos los canales. - Grabaci\u00f3n IP: 40Mbps . - Resoluci\u00f3n visualizaci\u00f3n v\u00eda HDMI : (1080p). - Soporta 1 disco duro de hasta 8 TB. - Soporta teclado en red NKB. - Soporta control de c\u00e1maras PTZ v\u00eda protocolo HDCVI y Rs485. - Soporta P2P, DDNS y red 10\/100 Mbps. - Es posible visualizar en PSS, SmartPSS, gDMSS e iDMSS. - Compatible con windows, Apple, Android, IOS, Windows Phone - Ancho 26 cm, Profundidad 22 cm, Altura 4 cm. - Garant\u00eda: 1 a\u00f1o. Total a pagar: $63.500","og_url":"https:\/\/safcomred.cl\/index.php\/product\/equipo-tri-hibrido-hcvr-8-canales-2ip-onvif-hdcvi-ip-analogo\/","og_site_name":"Computacion-Redes y CCTV","article_modified_time":"2022-12-19T22:17:18+00:00","og_image":[{"width":345,"height":168,"url":"https:\/\/safcomred.cl\/wp-content\/uploads\/2018\/05\/dvr8.jpg","type":"image\/jpeg"}],"twitter_card":"summary_large_image","schema":{"@context":"https:\/\/schema.org","@graph":[{"@type":"WebPage","@id":"https:\/\/safcomred.cl\/index.php\/product\/equipo-tri-hibrido-hcvr-8-canales-2ip-onvif-hdcvi-ip-analogo\/","url":"https:\/\/safcomred.cl\/index.php\/product\/equipo-tri-hibrido-hcvr-8-canales-2ip-onvif-hdcvi-ip-analogo\/","name":"Equipo Tri-H\u00edbrido Alhua HCVR 8 canales + 2ip Onvif (HDCVI, IP, An\u00e1logo) . - Computacion-Redes y CCTV","isPartOf":{"@id":"https:\/\/safcomred.cl\/#website"},"primaryImageOfPage":{"@id":"https:\/\/safcomred.cl\/index.php\/product\/equipo-tri-hibrido-hcvr-8-canales-2ip-onvif-hdcvi-ip-analogo\/#primaryimage"},"image":{"@id":"https:\/\/safcomred.cl\/index.php\/product\/equipo-tri-hibrido-hcvr-8-canales-2ip-onvif-hdcvi-ip-analogo\/#primaryimage"},"thumbnailUrl":"https:\/\/safcomred.cl\/wp-content\/uploads\/2018\/05\/dvr8.jpg","datePublished":"2018-05-29T02:54:51+00:00","dateModified":"2022-12-19T22:17:18+00:00","breadcrumb":{"@id":"https:\/\/safcomred.cl\/index.php\/product\/equipo-tri-hibrido-hcvr-8-canales-2ip-onvif-hdcvi-ip-analogo\/#breadcrumb"},"inLanguage":"es-CL","potentialAction":[{"@type":"ReadAction","target":["https:\/\/safcomred.cl\/index.php\/product\/equipo-tri-hibrido-hcvr-8-canales-2ip-onvif-hdcvi-ip-analogo\/"]}]},{"@type":"ImageObject","inLanguage":"es-CL","@id":"https:\/\/safcomred.cl\/index.php\/product\/equipo-tri-hibrido-hcvr-8-canales-2ip-onvif-hdcvi-ip-analogo\/#primaryimage","url":"https:\/\/safcomred.cl\/wp-content\/uploads\/2018\/05\/dvr8.jpg","contentUrl":"https:\/\/safcomred.cl\/wp-content\/uploads\/2018\/05\/dvr8.jpg","width":345,"height":168},{"@type":"BreadcrumbList","@id":"https:\/\/safcomred.cl\/index.php\/product\/equipo-tri-hibrido-hcvr-8-canales-2ip-onvif-hdcvi-ip-analogo\/#breadcrumb","itemListElement":[{"@type":"ListItem","position":1,"name":"Shop","item":"https:\/\/safcomred.cl\/index.php\/shop-2\/"},{"@type":"ListItem","position":2,"name":"Equipo Tri-H\u00edbrido Alhua HCVR 8 canales + 2ip Onvif (HDCVI, IP, An\u00e1logo) ."}]},{"@type":"WebSite","@id":"https:\/\/safcomred.cl\/#website","url":"https:\/\/safcomred.cl\/","name":"Computacion-Redes y CCTV","description":"Gestion-Mantencion-instalacion ","publisher":{"@id":"https:\/\/safcomred.cl\/#organization"},"potentialAction":[{"@type":"SearchAction","target":{"@type":"EntryPoint","urlTemplate":"https:\/\/safcomred.cl\/?s={search_term_string}"},"query-input":{"@type":"PropertyValueSpecification","valueRequired":true,"valueName":"search_term_string"}}],"inLanguage":"es-CL"},{"@type":"Organization","@id":"https:\/\/safcomred.cl\/#organization","name":"Computacion-Redes y CCTV","url":"https:\/\/safcomred.cl\/","logo":{"@type":"ImageObject","inLanguage":"es-CL","@id":"https:\/\/safcomred.cl\/#\/schema\/logo\/image\/","url":"https:\/\/safcomred.cl\/wp-content\/uploads\/2025\/01\/encabezado.jpg","contentUrl":"https:\/\/safcomred.cl\/wp-content\/uploads\/2025\/01\/encabezado.jpg","width":1024,"height":111,"caption":"Computacion-Redes y CCTV"},"image":{"@id":"https:\/\/safcomred.cl\/#\/schema\/logo\/image\/"}}]}},"_links":{"self":[{"href":"https:\/\/safcomred.cl\/index.php\/wp-json\/wp\/v2\/product\/184","targetHints":{"allow":["GET"]}}],"collection":[{"href":"https:\/\/safcomred.cl\/index.php\/wp-json\/wp\/v2\/product"}],"about":[{"href":"https:\/\/safcomred.cl\/index.php\/wp-json\/wp\/v2\/types\/product"}],"replies":[{"embeddable":true,"href":"https:\/\/safcomred.cl\/index.php\/wp-json\/wp\/v2\/comments?post=184"}],"wp:featuredmedia":[{"embeddable":true,"href":"https:\/\/safcomred.cl\/index.php\/wp-json\/wp\/v2\/media\/186"}],"wp:attachment":[{"href":"https:\/\/safcomred.cl\/index.php\/wp-json\/wp\/v2\/media?parent=184"}],"wp:term":[{"taxonomy":"product_brand","embeddable":true,"href":"https:\/\/safcomred.cl\/index.php\/wp-json\/wp\/v2\/product_brand?post=184"},{"taxonomy":"product_cat","embeddable":true,"href":"https:\/\/safcomred.cl\/index.php\/wp-json\/wp\/v2\/product_cat?post=184"},{"taxonomy":"product_tag","embeddable":true,"href":"https:\/\/safcomred.cl\/index.php\/wp-json\/wp\/v2\/product_tag?post=184"}],"curies":[{"name":"wp","href":"https:\/\/api.w.org\/{rel}","templated":true}]}}