{"id":250,"date":"2018-05-30T21:04:17","date_gmt":"2018-05-30T21:04:17","guid":{"rendered":"http:\/\/safcomred.cl\/?post_type=product&#038;p=250"},"modified":"2023-05-23T10:17:58","modified_gmt":"2023-05-23T10:17:58","slug":"cable-de-red-cat-5e-100-cobre","status":"publish","type":"product","link":"https:\/\/safcomred.cl\/index.php\/product\/cable-de-red-cat-5e-100-cobre\/","title":{"rendered":"cable  de  red  cat 5e  100%  cobre  ,  x  METRO"},"content":{"rendered":"","protected":false},"excerpt":{"rendered":"<p>&#8211; Categor\u00eda 5E<br \/>\n&#8211; Dise\u00f1ado para redes Gigalan 1000 Base T de 160MHZ<br \/>\n&#8211; Constru\u00eddo en cobre de alta pureza 99.99% libre de ox\u00edgeno.<br \/>\n&#8211; Hilos de unifilamento met\u00e1lico.<br \/>\n&#8211; 0.45 mm de di\u00e1metro por hilo conductor.<br \/>\n&#8211; M\u00e1xima capacitancia por par 5.6NF cada 100 metros.<br \/>\n&#8211; M\u00e1xima atenuaci\u00f3n 22dB cada 100 metros.<br \/>\n&#8211; M\u00e1xima resistencia el\u00e9ctrica 12\u03a9 cada 100 metros.<br \/>\n&#8211; Indicado para el transporte de datos digitales.<br \/>\n&#8211; Indicado la transmisi\u00f3n activa de audio y video.<br \/>\n&#8211; Indicado para transmisi\u00f3n de alta definici\u00f3n a larga distancia.<br \/>\n&#8211; Indicado para alimentaci\u00f3n centralizada de c\u00e1maras de seguridad.<br \/>\n&#8211; Indicado para alimentaci\u00f3n mediante norma POE.<\/p>\n","protected":false},"featured_media":251,"comment_status":"open","ping_status":"closed","template":"","meta":[],"product_brand":[],"product_cat":[15],"product_tag":[],"class_list":{"0":"post-250","1":"product","2":"type-product","3":"status-publish","4":"has-post-thumbnail","6":"product_cat-uncategorized","8":"first","9":"instock","10":"taxable","11":"shipping-taxable","12":"purchasable","13":"product-type-simple"},"yoast_head":"<!-- This site is optimized with the Yoast SEO plugin v27.4 - https:\/\/yoast.com\/product\/yoast-seo-wordpress\/ -->\n<title>cable de red cat 5e 100% cobre , x METRO - Computacion-Redes y CCTV<\/title>\n<meta name=\"robots\" content=\"index, follow, max-snippet:-1, max-image-preview:large, max-video-preview:-1\" \/>\n<link rel=\"canonical\" href=\"https:\/\/safcomred.cl\/index.php\/product\/cable-de-red-cat-5e-100-cobre\/\" \/>\n<meta property=\"og:locale\" content=\"es_ES\" \/>\n<meta property=\"og:type\" content=\"article\" \/>\n<meta property=\"og:title\" content=\"cable de red cat 5e 100% cobre , x METRO - Computacion-Redes y CCTV\" \/>\n<meta property=\"og:description\" content=\"- Categor\u00eda 5E - Dise\u00f1ado para redes Gigalan 1000 Base T de 160MHZ - Constru\u00eddo en cobre de alta pureza 99.99% libre de ox\u00edgeno. - Hilos de unifilamento met\u00e1lico. - 0.45 mm de di\u00e1metro por hilo conductor. - M\u00e1xima capacitancia por par 5.6NF cada 100 metros. - M\u00e1xima atenuaci\u00f3n 22dB cada 100 metros. - M\u00e1xima resistencia el\u00e9ctrica 12\u03a9 cada 100 metros. - Indicado para el transporte de datos digitales. - Indicado la transmisi\u00f3n activa de audio y video. - Indicado para transmisi\u00f3n de alta definici\u00f3n a larga distancia. - Indicado para alimentaci\u00f3n centralizada de c\u00e1maras de seguridad. - Indicado para alimentaci\u00f3n mediante norma POE.\" \/>\n<meta property=\"og:url\" content=\"https:\/\/safcomred.cl\/index.php\/product\/cable-de-red-cat-5e-100-cobre\/\" \/>\n<meta property=\"og:site_name\" content=\"Computacion-Redes y CCTV\" \/>\n<meta property=\"article:modified_time\" content=\"2023-05-23T10:17:58+00:00\" \/>\n<meta property=\"og:image\" content=\"https:\/\/safcomred.cl\/wp-content\/uploads\/2018\/05\/cable-de-red.jpg\" \/>\n\t<meta property=\"og:image:width\" content=\"850\" \/>\n\t<meta property=\"og:image:height\" content=\"580\" \/>\n\t<meta property=\"og:image:type\" content=\"image\/jpeg\" \/>\n<meta name=\"twitter:card\" content=\"summary_large_image\" \/>\n<script type=\"application\/ld+json\" class=\"yoast-schema-graph\">{\"@context\":\"https:\\\/\\\/schema.org\",\"@graph\":[{\"@type\":\"WebPage\",\"@id\":\"https:\\\/\\\/safcomred.cl\\\/index.php\\\/product\\\/cable-de-red-cat-5e-100-cobre\\\/\",\"url\":\"https:\\\/\\\/safcomred.cl\\\/index.php\\\/product\\\/cable-de-red-cat-5e-100-cobre\\\/\",\"name\":\"cable de red cat 5e 100% cobre , x METRO - Computacion-Redes y CCTV\",\"isPartOf\":{\"@id\":\"https:\\\/\\\/safcomred.cl\\\/#website\"},\"primaryImageOfPage\":{\"@id\":\"https:\\\/\\\/safcomred.cl\\\/index.php\\\/product\\\/cable-de-red-cat-5e-100-cobre\\\/#primaryimage\"},\"image\":{\"@id\":\"https:\\\/\\\/safcomred.cl\\\/index.php\\\/product\\\/cable-de-red-cat-5e-100-cobre\\\/#primaryimage\"},\"thumbnailUrl\":\"https:\\\/\\\/safcomred.cl\\\/wp-content\\\/uploads\\\/2018\\\/05\\\/cable-de-red.jpg\",\"datePublished\":\"2018-05-30T21:04:17+00:00\",\"dateModified\":\"2023-05-23T10:17:58+00:00\",\"breadcrumb\":{\"@id\":\"https:\\\/\\\/safcomred.cl\\\/index.php\\\/product\\\/cable-de-red-cat-5e-100-cobre\\\/#breadcrumb\"},\"inLanguage\":\"es-CL\",\"potentialAction\":[{\"@type\":\"ReadAction\",\"target\":[\"https:\\\/\\\/safcomred.cl\\\/index.php\\\/product\\\/cable-de-red-cat-5e-100-cobre\\\/\"]}]},{\"@type\":\"ImageObject\",\"inLanguage\":\"es-CL\",\"@id\":\"https:\\\/\\\/safcomred.cl\\\/index.php\\\/product\\\/cable-de-red-cat-5e-100-cobre\\\/#primaryimage\",\"url\":\"https:\\\/\\\/safcomred.cl\\\/wp-content\\\/uploads\\\/2018\\\/05\\\/cable-de-red.jpg\",\"contentUrl\":\"https:\\\/\\\/safcomred.cl\\\/wp-content\\\/uploads\\\/2018\\\/05\\\/cable-de-red.jpg\",\"width\":850,\"height\":580},{\"@type\":\"BreadcrumbList\",\"@id\":\"https:\\\/\\\/safcomred.cl\\\/index.php\\\/product\\\/cable-de-red-cat-5e-100-cobre\\\/#breadcrumb\",\"itemListElement\":[{\"@type\":\"ListItem\",\"position\":1,\"name\":\"Shop\",\"item\":\"https:\\\/\\\/safcomred.cl\\\/index.php\\\/shop-2\\\/\"},{\"@type\":\"ListItem\",\"position\":2,\"name\":\"cable de red cat 5e 100% cobre , x METRO\"}]},{\"@type\":\"WebSite\",\"@id\":\"https:\\\/\\\/safcomred.cl\\\/#website\",\"url\":\"https:\\\/\\\/safcomred.cl\\\/\",\"name\":\"Computacion-Redes y CCTV\",\"description\":\"Gestion-Mantencion-instalacion \",\"publisher\":{\"@id\":\"https:\\\/\\\/safcomred.cl\\\/#organization\"},\"potentialAction\":[{\"@type\":\"SearchAction\",\"target\":{\"@type\":\"EntryPoint\",\"urlTemplate\":\"https:\\\/\\\/safcomred.cl\\\/?s={search_term_string}\"},\"query-input\":{\"@type\":\"PropertyValueSpecification\",\"valueRequired\":true,\"valueName\":\"search_term_string\"}}],\"inLanguage\":\"es-CL\"},{\"@type\":\"Organization\",\"@id\":\"https:\\\/\\\/safcomred.cl\\\/#organization\",\"name\":\"Computacion-Redes y CCTV\",\"url\":\"https:\\\/\\\/safcomred.cl\\\/\",\"logo\":{\"@type\":\"ImageObject\",\"inLanguage\":\"es-CL\",\"@id\":\"https:\\\/\\\/safcomred.cl\\\/#\\\/schema\\\/logo\\\/image\\\/\",\"url\":\"https:\\\/\\\/safcomred.cl\\\/wp-content\\\/uploads\\\/2025\\\/01\\\/encabezado.jpg\",\"contentUrl\":\"https:\\\/\\\/safcomred.cl\\\/wp-content\\\/uploads\\\/2025\\\/01\\\/encabezado.jpg\",\"width\":1024,\"height\":111,\"caption\":\"Computacion-Redes y CCTV\"},\"image\":{\"@id\":\"https:\\\/\\\/safcomred.cl\\\/#\\\/schema\\\/logo\\\/image\\\/\"}}]}<\/script>\n<!-- \/ Yoast SEO plugin. -->","yoast_head_json":{"title":"cable de red cat 5e 100% cobre , x METRO - Computacion-Redes y CCTV","robots":{"index":"index","follow":"follow","max-snippet":"max-snippet:-1","max-image-preview":"max-image-preview:large","max-video-preview":"max-video-preview:-1"},"canonical":"https:\/\/safcomred.cl\/index.php\/product\/cable-de-red-cat-5e-100-cobre\/","og_locale":"es_ES","og_type":"article","og_title":"cable de red cat 5e 100% cobre , x METRO - Computacion-Redes y CCTV","og_description":"- Categor\u00eda 5E - Dise\u00f1ado para redes Gigalan 1000 Base T de 160MHZ - Constru\u00eddo en cobre de alta pureza 99.99% libre de ox\u00edgeno. - Hilos de unifilamento met\u00e1lico. - 0.45 mm de di\u00e1metro por hilo conductor. - M\u00e1xima capacitancia por par 5.6NF cada 100 metros. - M\u00e1xima atenuaci\u00f3n 22dB cada 100 metros. - M\u00e1xima resistencia el\u00e9ctrica 12\u03a9 cada 100 metros. - Indicado para el transporte de datos digitales. - Indicado la transmisi\u00f3n activa de audio y video. - Indicado para transmisi\u00f3n de alta definici\u00f3n a larga distancia. - Indicado para alimentaci\u00f3n centralizada de c\u00e1maras de seguridad. - Indicado para alimentaci\u00f3n mediante norma POE.","og_url":"https:\/\/safcomred.cl\/index.php\/product\/cable-de-red-cat-5e-100-cobre\/","og_site_name":"Computacion-Redes y CCTV","article_modified_time":"2023-05-23T10:17:58+00:00","og_image":[{"width":850,"height":580,"url":"https:\/\/safcomred.cl\/wp-content\/uploads\/2018\/05\/cable-de-red.jpg","type":"image\/jpeg"}],"twitter_card":"summary_large_image","schema":{"@context":"https:\/\/schema.org","@graph":[{"@type":"WebPage","@id":"https:\/\/safcomred.cl\/index.php\/product\/cable-de-red-cat-5e-100-cobre\/","url":"https:\/\/safcomred.cl\/index.php\/product\/cable-de-red-cat-5e-100-cobre\/","name":"cable de red cat 5e 100% cobre , x METRO - Computacion-Redes y CCTV","isPartOf":{"@id":"https:\/\/safcomred.cl\/#website"},"primaryImageOfPage":{"@id":"https:\/\/safcomred.cl\/index.php\/product\/cable-de-red-cat-5e-100-cobre\/#primaryimage"},"image":{"@id":"https:\/\/safcomred.cl\/index.php\/product\/cable-de-red-cat-5e-100-cobre\/#primaryimage"},"thumbnailUrl":"https:\/\/safcomred.cl\/wp-content\/uploads\/2018\/05\/cable-de-red.jpg","datePublished":"2018-05-30T21:04:17+00:00","dateModified":"2023-05-23T10:17:58+00:00","breadcrumb":{"@id":"https:\/\/safcomred.cl\/index.php\/product\/cable-de-red-cat-5e-100-cobre\/#breadcrumb"},"inLanguage":"es-CL","potentialAction":[{"@type":"ReadAction","target":["https:\/\/safcomred.cl\/index.php\/product\/cable-de-red-cat-5e-100-cobre\/"]}]},{"@type":"ImageObject","inLanguage":"es-CL","@id":"https:\/\/safcomred.cl\/index.php\/product\/cable-de-red-cat-5e-100-cobre\/#primaryimage","url":"https:\/\/safcomred.cl\/wp-content\/uploads\/2018\/05\/cable-de-red.jpg","contentUrl":"https:\/\/safcomred.cl\/wp-content\/uploads\/2018\/05\/cable-de-red.jpg","width":850,"height":580},{"@type":"BreadcrumbList","@id":"https:\/\/safcomred.cl\/index.php\/product\/cable-de-red-cat-5e-100-cobre\/#breadcrumb","itemListElement":[{"@type":"ListItem","position":1,"name":"Shop","item":"https:\/\/safcomred.cl\/index.php\/shop-2\/"},{"@type":"ListItem","position":2,"name":"cable de red cat 5e 100% cobre , x METRO"}]},{"@type":"WebSite","@id":"https:\/\/safcomred.cl\/#website","url":"https:\/\/safcomred.cl\/","name":"Computacion-Redes y CCTV","description":"Gestion-Mantencion-instalacion ","publisher":{"@id":"https:\/\/safcomred.cl\/#organization"},"potentialAction":[{"@type":"SearchAction","target":{"@type":"EntryPoint","urlTemplate":"https:\/\/safcomred.cl\/?s={search_term_string}"},"query-input":{"@type":"PropertyValueSpecification","valueRequired":true,"valueName":"search_term_string"}}],"inLanguage":"es-CL"},{"@type":"Organization","@id":"https:\/\/safcomred.cl\/#organization","name":"Computacion-Redes y CCTV","url":"https:\/\/safcomred.cl\/","logo":{"@type":"ImageObject","inLanguage":"es-CL","@id":"https:\/\/safcomred.cl\/#\/schema\/logo\/image\/","url":"https:\/\/safcomred.cl\/wp-content\/uploads\/2025\/01\/encabezado.jpg","contentUrl":"https:\/\/safcomred.cl\/wp-content\/uploads\/2025\/01\/encabezado.jpg","width":1024,"height":111,"caption":"Computacion-Redes y CCTV"},"image":{"@id":"https:\/\/safcomred.cl\/#\/schema\/logo\/image\/"}}]}},"_links":{"self":[{"href":"https:\/\/safcomred.cl\/index.php\/wp-json\/wp\/v2\/product\/250","targetHints":{"allow":["GET"]}}],"collection":[{"href":"https:\/\/safcomred.cl\/index.php\/wp-json\/wp\/v2\/product"}],"about":[{"href":"https:\/\/safcomred.cl\/index.php\/wp-json\/wp\/v2\/types\/product"}],"replies":[{"embeddable":true,"href":"https:\/\/safcomred.cl\/index.php\/wp-json\/wp\/v2\/comments?post=250"}],"wp:featuredmedia":[{"embeddable":true,"href":"https:\/\/safcomred.cl\/index.php\/wp-json\/wp\/v2\/media\/251"}],"wp:attachment":[{"href":"https:\/\/safcomred.cl\/index.php\/wp-json\/wp\/v2\/media?parent=250"}],"wp:term":[{"taxonomy":"product_brand","embeddable":true,"href":"https:\/\/safcomred.cl\/index.php\/wp-json\/wp\/v2\/product_brand?post=250"},{"taxonomy":"product_cat","embeddable":true,"href":"https:\/\/safcomred.cl\/index.php\/wp-json\/wp\/v2\/product_cat?post=250"},{"taxonomy":"product_tag","embeddable":true,"href":"https:\/\/safcomred.cl\/index.php\/wp-json\/wp\/v2\/product_tag?post=250"}],"curies":[{"name":"wp","href":"https:\/\/api.w.org\/{rel}","templated":true}]}}