{"id":256,"date":"2018-05-30T21:53:41","date_gmt":"2018-05-30T21:53:41","guid":{"rendered":"http:\/\/safcomred.cl\/?post_type=product&#038;p=256"},"modified":"2022-12-29T19:54:08","modified_gmt":"2022-12-29T19:54:08","slug":"camara-dahua-hdcvi-bala-2mp-1080p-3-6mm-ir20-ip67","status":"publish","type":"product","link":"https:\/\/safcomred.cl\/index.php\/product\/camara-dahua-hdcvi-bala-2mp-1080p-3-6mm-ir20-ip67\/","title":{"rendered":"C\u00e1mara Alhua  HDCVI Bala 2MP 1080P 3.6mm IR20 IP67."},"content":{"rendered":"","protected":false},"excerpt":{"rendered":"<p>C\u00e1mara de seguridad HDCVI marcaAlhua.<br \/>\n&#8211; Protecci\u00f3n a la intemperie IP67.<br \/>\n&#8211; Lente fijo de 3.6 mm.<br \/>\n&#8211;\u00a0<strong>\u00c1ngulo de visi\u00f3n: 90\u00b0<\/strong><br \/>\n&#8211; 20 metros Smart IR.<br \/>\n&#8211;\u00a0<strong>Resoluci\u00f3n de 1080p (1920x1080px) 30fps.<\/strong><br \/>\n&#8211; Sensor CMOS 1\/2.7&#8243;de 2 megapixel FULL-HD.<br \/>\n&#8211; Transmisi\u00f3n a trav\u00e9s de cable coaxial y UTP.<br \/>\n&#8211; Dimensiones de 70x154mm.<br \/>\n&#8211; Funciona con 12 Voltios DC.<br \/>\n&#8211; Garant\u00eda: 1 a\u00d1o<\/p>\n","protected":false},"featured_media":238,"comment_status":"open","ping_status":"closed","template":"","meta":[],"product_brand":[],"product_cat":[15],"product_tag":[],"class_list":{"0":"post-256","1":"product","2":"type-product","3":"status-publish","4":"has-post-thumbnail","6":"product_cat-uncategorized","8":"first","9":"instock","10":"taxable","11":"shipping-taxable","12":"purchasable","13":"product-type-simple"},"yoast_head":"<!-- This site is optimized with the Yoast SEO plugin v27.6 - https:\/\/yoast.com\/product\/yoast-seo-wordpress\/ -->\n<title>C\u00e1mara Alhua HDCVI Bala 2MP 1080P 3.6mm IR20 IP67. - Computacion-Redes y CCTV<\/title>\n<meta name=\"robots\" content=\"index, follow, max-snippet:-1, max-image-preview:large, max-video-preview:-1\" \/>\n<link rel=\"canonical\" href=\"https:\/\/safcomred.cl\/index.php\/product\/camara-dahua-hdcvi-bala-2mp-1080p-3-6mm-ir20-ip67\/\" \/>\n<meta property=\"og:locale\" content=\"es_ES\" \/>\n<meta property=\"og:type\" content=\"article\" \/>\n<meta property=\"og:title\" content=\"C\u00e1mara Alhua HDCVI Bala 2MP 1080P 3.6mm IR20 IP67. - Computacion-Redes y CCTV\" \/>\n<meta property=\"og:description\" content=\"C\u00e1mara de seguridad HDCVI marcaAlhua. - Protecci\u00f3n a la intemperie IP67. - Lente fijo de 3.6 mm. -\u00a0\u00c1ngulo de visi\u00f3n: 90\u00b0 - 20 metros Smart IR. -\u00a0Resoluci\u00f3n de 1080p (1920x1080px) 30fps. - Sensor CMOS 1\/2.7&quot;de 2 megapixel FULL-HD. - Transmisi\u00f3n a trav\u00e9s de cable coaxial y UTP. - Dimensiones de 70x154mm. - Funciona con 12 Voltios DC. - Garant\u00eda: 1 a\u00d1o\" \/>\n<meta property=\"og:url\" content=\"https:\/\/safcomred.cl\/index.php\/product\/camara-dahua-hdcvi-bala-2mp-1080p-3-6mm-ir20-ip67\/\" \/>\n<meta property=\"og:site_name\" content=\"Computacion-Redes y CCTV\" \/>\n<meta property=\"article:modified_time\" content=\"2022-12-29T19:54:08+00:00\" \/>\n<meta property=\"og:image\" content=\"https:\/\/safcomred.cl\/wp-content\/uploads\/2018\/05\/exterior720p19800.jpg\" \/>\n\t<meta property=\"og:image:width\" content=\"345\" \/>\n\t<meta property=\"og:image:height\" content=\"345\" \/>\n\t<meta property=\"og:image:type\" content=\"image\/jpeg\" \/>\n<meta name=\"twitter:card\" content=\"summary_large_image\" \/>\n<script type=\"application\/ld+json\" class=\"yoast-schema-graph\">{\"@context\":\"https:\\\/\\\/schema.org\",\"@graph\":[{\"@type\":\"WebPage\",\"@id\":\"https:\\\/\\\/safcomred.cl\\\/index.php\\\/product\\\/camara-dahua-hdcvi-bala-2mp-1080p-3-6mm-ir20-ip67\\\/\",\"url\":\"https:\\\/\\\/safcomred.cl\\\/index.php\\\/product\\\/camara-dahua-hdcvi-bala-2mp-1080p-3-6mm-ir20-ip67\\\/\",\"name\":\"C\u00e1mara Alhua HDCVI Bala 2MP 1080P 3.6mm IR20 IP67. - Computacion-Redes y CCTV\",\"isPartOf\":{\"@id\":\"https:\\\/\\\/safcomred.cl\\\/#website\"},\"primaryImageOfPage\":{\"@id\":\"https:\\\/\\\/safcomred.cl\\\/index.php\\\/product\\\/camara-dahua-hdcvi-bala-2mp-1080p-3-6mm-ir20-ip67\\\/#primaryimage\"},\"image\":{\"@id\":\"https:\\\/\\\/safcomred.cl\\\/index.php\\\/product\\\/camara-dahua-hdcvi-bala-2mp-1080p-3-6mm-ir20-ip67\\\/#primaryimage\"},\"thumbnailUrl\":\"https:\\\/\\\/safcomred.cl\\\/wp-content\\\/uploads\\\/2018\\\/05\\\/exterior720p19800.jpg\",\"datePublished\":\"2018-05-30T21:53:41+00:00\",\"dateModified\":\"2022-12-29T19:54:08+00:00\",\"breadcrumb\":{\"@id\":\"https:\\\/\\\/safcomred.cl\\\/index.php\\\/product\\\/camara-dahua-hdcvi-bala-2mp-1080p-3-6mm-ir20-ip67\\\/#breadcrumb\"},\"inLanguage\":\"es-CL\",\"potentialAction\":[{\"@type\":\"ReadAction\",\"target\":[\"https:\\\/\\\/safcomred.cl\\\/index.php\\\/product\\\/camara-dahua-hdcvi-bala-2mp-1080p-3-6mm-ir20-ip67\\\/\"]}]},{\"@type\":\"ImageObject\",\"inLanguage\":\"es-CL\",\"@id\":\"https:\\\/\\\/safcomred.cl\\\/index.php\\\/product\\\/camara-dahua-hdcvi-bala-2mp-1080p-3-6mm-ir20-ip67\\\/#primaryimage\",\"url\":\"https:\\\/\\\/safcomred.cl\\\/wp-content\\\/uploads\\\/2018\\\/05\\\/exterior720p19800.jpg\",\"contentUrl\":\"https:\\\/\\\/safcomred.cl\\\/wp-content\\\/uploads\\\/2018\\\/05\\\/exterior720p19800.jpg\",\"width\":345,\"height\":345},{\"@type\":\"BreadcrumbList\",\"@id\":\"https:\\\/\\\/safcomred.cl\\\/index.php\\\/product\\\/camara-dahua-hdcvi-bala-2mp-1080p-3-6mm-ir20-ip67\\\/#breadcrumb\",\"itemListElement\":[{\"@type\":\"ListItem\",\"position\":1,\"name\":\"Shop\",\"item\":\"https:\\\/\\\/safcomred.cl\\\/index.php\\\/shop-2\\\/\"},{\"@type\":\"ListItem\",\"position\":2,\"name\":\"C\u00e1mara Alhua HDCVI Bala 2MP 1080P 3.6mm IR20 IP67.\"}]},{\"@type\":\"WebSite\",\"@id\":\"https:\\\/\\\/safcomred.cl\\\/#website\",\"url\":\"https:\\\/\\\/safcomred.cl\\\/\",\"name\":\"Computacion-Redes y CCTV\",\"description\":\"Gestion-Mantencion-instalacion \",\"publisher\":{\"@id\":\"https:\\\/\\\/safcomred.cl\\\/#organization\"},\"potentialAction\":[{\"@type\":\"SearchAction\",\"target\":{\"@type\":\"EntryPoint\",\"urlTemplate\":\"https:\\\/\\\/safcomred.cl\\\/?s={search_term_string}\"},\"query-input\":{\"@type\":\"PropertyValueSpecification\",\"valueRequired\":true,\"valueName\":\"search_term_string\"}}],\"inLanguage\":\"es-CL\"},{\"@type\":\"Organization\",\"@id\":\"https:\\\/\\\/safcomred.cl\\\/#organization\",\"name\":\"Computacion-Redes y CCTV\",\"url\":\"https:\\\/\\\/safcomred.cl\\\/\",\"logo\":{\"@type\":\"ImageObject\",\"inLanguage\":\"es-CL\",\"@id\":\"https:\\\/\\\/safcomred.cl\\\/#\\\/schema\\\/logo\\\/image\\\/\",\"url\":\"https:\\\/\\\/safcomred.cl\\\/wp-content\\\/uploads\\\/2025\\\/01\\\/encabezado.jpg\",\"contentUrl\":\"https:\\\/\\\/safcomred.cl\\\/wp-content\\\/uploads\\\/2025\\\/01\\\/encabezado.jpg\",\"width\":1024,\"height\":111,\"caption\":\"Computacion-Redes y CCTV\"},\"image\":{\"@id\":\"https:\\\/\\\/safcomred.cl\\\/#\\\/schema\\\/logo\\\/image\\\/\"}}]}<\/script>\n<!-- \/ Yoast SEO plugin. -->","yoast_head_json":{"title":"C\u00e1mara Alhua HDCVI Bala 2MP 1080P 3.6mm IR20 IP67. - Computacion-Redes y CCTV","robots":{"index":"index","follow":"follow","max-snippet":"max-snippet:-1","max-image-preview":"max-image-preview:large","max-video-preview":"max-video-preview:-1"},"canonical":"https:\/\/safcomred.cl\/index.php\/product\/camara-dahua-hdcvi-bala-2mp-1080p-3-6mm-ir20-ip67\/","og_locale":"es_ES","og_type":"article","og_title":"C\u00e1mara Alhua HDCVI Bala 2MP 1080P 3.6mm IR20 IP67. - Computacion-Redes y CCTV","og_description":"C\u00e1mara de seguridad HDCVI marcaAlhua. - Protecci\u00f3n a la intemperie IP67. - Lente fijo de 3.6 mm. -\u00a0\u00c1ngulo de visi\u00f3n: 90\u00b0 - 20 metros Smart IR. -\u00a0Resoluci\u00f3n de 1080p (1920x1080px) 30fps. - Sensor CMOS 1\/2.7\"de 2 megapixel FULL-HD. - Transmisi\u00f3n a trav\u00e9s de cable coaxial y UTP. - Dimensiones de 70x154mm. - Funciona con 12 Voltios DC. - Garant\u00eda: 1 a\u00d1o","og_url":"https:\/\/safcomred.cl\/index.php\/product\/camara-dahua-hdcvi-bala-2mp-1080p-3-6mm-ir20-ip67\/","og_site_name":"Computacion-Redes y CCTV","article_modified_time":"2022-12-29T19:54:08+00:00","og_image":[{"width":345,"height":345,"url":"https:\/\/safcomred.cl\/wp-content\/uploads\/2018\/05\/exterior720p19800.jpg","type":"image\/jpeg"}],"twitter_card":"summary_large_image","schema":{"@context":"https:\/\/schema.org","@graph":[{"@type":"WebPage","@id":"https:\/\/safcomred.cl\/index.php\/product\/camara-dahua-hdcvi-bala-2mp-1080p-3-6mm-ir20-ip67\/","url":"https:\/\/safcomred.cl\/index.php\/product\/camara-dahua-hdcvi-bala-2mp-1080p-3-6mm-ir20-ip67\/","name":"C\u00e1mara Alhua HDCVI Bala 2MP 1080P 3.6mm IR20 IP67. - Computacion-Redes y CCTV","isPartOf":{"@id":"https:\/\/safcomred.cl\/#website"},"primaryImageOfPage":{"@id":"https:\/\/safcomred.cl\/index.php\/product\/camara-dahua-hdcvi-bala-2mp-1080p-3-6mm-ir20-ip67\/#primaryimage"},"image":{"@id":"https:\/\/safcomred.cl\/index.php\/product\/camara-dahua-hdcvi-bala-2mp-1080p-3-6mm-ir20-ip67\/#primaryimage"},"thumbnailUrl":"https:\/\/safcomred.cl\/wp-content\/uploads\/2018\/05\/exterior720p19800.jpg","datePublished":"2018-05-30T21:53:41+00:00","dateModified":"2022-12-29T19:54:08+00:00","breadcrumb":{"@id":"https:\/\/safcomred.cl\/index.php\/product\/camara-dahua-hdcvi-bala-2mp-1080p-3-6mm-ir20-ip67\/#breadcrumb"},"inLanguage":"es-CL","potentialAction":[{"@type":"ReadAction","target":["https:\/\/safcomred.cl\/index.php\/product\/camara-dahua-hdcvi-bala-2mp-1080p-3-6mm-ir20-ip67\/"]}]},{"@type":"ImageObject","inLanguage":"es-CL","@id":"https:\/\/safcomred.cl\/index.php\/product\/camara-dahua-hdcvi-bala-2mp-1080p-3-6mm-ir20-ip67\/#primaryimage","url":"https:\/\/safcomred.cl\/wp-content\/uploads\/2018\/05\/exterior720p19800.jpg","contentUrl":"https:\/\/safcomred.cl\/wp-content\/uploads\/2018\/05\/exterior720p19800.jpg","width":345,"height":345},{"@type":"BreadcrumbList","@id":"https:\/\/safcomred.cl\/index.php\/product\/camara-dahua-hdcvi-bala-2mp-1080p-3-6mm-ir20-ip67\/#breadcrumb","itemListElement":[{"@type":"ListItem","position":1,"name":"Shop","item":"https:\/\/safcomred.cl\/index.php\/shop-2\/"},{"@type":"ListItem","position":2,"name":"C\u00e1mara Alhua HDCVI Bala 2MP 1080P 3.6mm IR20 IP67."}]},{"@type":"WebSite","@id":"https:\/\/safcomred.cl\/#website","url":"https:\/\/safcomred.cl\/","name":"Computacion-Redes y CCTV","description":"Gestion-Mantencion-instalacion ","publisher":{"@id":"https:\/\/safcomred.cl\/#organization"},"potentialAction":[{"@type":"SearchAction","target":{"@type":"EntryPoint","urlTemplate":"https:\/\/safcomred.cl\/?s={search_term_string}"},"query-input":{"@type":"PropertyValueSpecification","valueRequired":true,"valueName":"search_term_string"}}],"inLanguage":"es-CL"},{"@type":"Organization","@id":"https:\/\/safcomred.cl\/#organization","name":"Computacion-Redes y CCTV","url":"https:\/\/safcomred.cl\/","logo":{"@type":"ImageObject","inLanguage":"es-CL","@id":"https:\/\/safcomred.cl\/#\/schema\/logo\/image\/","url":"https:\/\/safcomred.cl\/wp-content\/uploads\/2025\/01\/encabezado.jpg","contentUrl":"https:\/\/safcomred.cl\/wp-content\/uploads\/2025\/01\/encabezado.jpg","width":1024,"height":111,"caption":"Computacion-Redes y CCTV"},"image":{"@id":"https:\/\/safcomred.cl\/#\/schema\/logo\/image\/"}}]}},"_links":{"self":[{"href":"https:\/\/safcomred.cl\/index.php\/wp-json\/wp\/v2\/product\/256","targetHints":{"allow":["GET"]}}],"collection":[{"href":"https:\/\/safcomred.cl\/index.php\/wp-json\/wp\/v2\/product"}],"about":[{"href":"https:\/\/safcomred.cl\/index.php\/wp-json\/wp\/v2\/types\/product"}],"replies":[{"embeddable":true,"href":"https:\/\/safcomred.cl\/index.php\/wp-json\/wp\/v2\/comments?post=256"}],"wp:featuredmedia":[{"embeddable":true,"href":"https:\/\/safcomred.cl\/index.php\/wp-json\/wp\/v2\/media\/238"}],"wp:attachment":[{"href":"https:\/\/safcomred.cl\/index.php\/wp-json\/wp\/v2\/media?parent=256"}],"wp:term":[{"taxonomy":"product_brand","embeddable":true,"href":"https:\/\/safcomred.cl\/index.php\/wp-json\/wp\/v2\/product_brand?post=256"},{"taxonomy":"product_cat","embeddable":true,"href":"https:\/\/safcomred.cl\/index.php\/wp-json\/wp\/v2\/product_cat?post=256"},{"taxonomy":"product_tag","embeddable":true,"href":"https:\/\/safcomred.cl\/index.php\/wp-json\/wp\/v2\/product_tag?post=256"}],"curies":[{"name":"wp","href":"https:\/\/api.w.org\/{rel}","templated":true}]}}