{"id":260,"date":"2018-05-30T22:01:03","date_gmt":"2018-05-30T22:01:03","guid":{"rendered":"http:\/\/safcomred.cl\/?post_type=product&#038;p=260"},"modified":"2022-06-08T12:45:02","modified_gmt":"2022-06-08T12:45:02","slug":"balun-pasivo-atornillado","status":"publish","type":"product","link":"https:\/\/safcomred.cl\/index.php\/product\/balun-pasivo-atornillado\/","title":{"rendered":"Balun Pasivo Atornillado."},"content":{"rendered":"","protected":false},"excerpt":{"rendered":"<p>Indicado para la transmisi\u00f3n pasiva video.<br \/>\n&#8211; Ajustador de impedancia 3:4.<br \/>\n&#8211; Previene la p\u00e9rdida de se\u00f1al por desacople de impedancia.<br \/>\n&#8211; Terminal a coaxial mediante BNC macho.<br \/>\n&#8211; Terminal a UTP de par atornillado.<br \/>\n&#8211; Dise\u00f1o basado en bobina toroidal de ferrita.<br \/>\n&#8211; Alcance en video an\u00e1logo color sobre UTP Cat5e: 400 metros.<br \/>\n&#8211; Alcance en video an\u00e1logo monocromoo sobre UTP Cat5e: 600 metros<br \/>\n&#8211; Color gris.<br \/>\n&#8211; Display transparente con dos unidades.<br \/>\n&#8211; Garant\u00eda: 3 meses.<\/p>\n","protected":false},"featured_media":261,"comment_status":"open","ping_status":"closed","template":"","meta":[],"product_brand":[],"product_cat":[15],"product_tag":[],"class_list":{"0":"post-260","1":"product","2":"type-product","3":"status-publish","4":"has-post-thumbnail","6":"product_cat-uncategorized","8":"first","9":"instock","10":"taxable","11":"shipping-taxable","12":"purchasable","13":"product-type-simple"},"yoast_head":"<!-- This site is optimized with the Yoast SEO plugin v27.4 - https:\/\/yoast.com\/product\/yoast-seo-wordpress\/ -->\n<title>Balun Pasivo Atornillado. - Computacion-Redes y CCTV<\/title>\n<meta name=\"robots\" content=\"index, follow, max-snippet:-1, max-image-preview:large, max-video-preview:-1\" \/>\n<link rel=\"canonical\" href=\"https:\/\/safcomred.cl\/index.php\/product\/balun-pasivo-atornillado\/\" \/>\n<meta property=\"og:locale\" content=\"es_ES\" \/>\n<meta property=\"og:type\" content=\"article\" \/>\n<meta property=\"og:title\" content=\"Balun Pasivo Atornillado. - Computacion-Redes y CCTV\" \/>\n<meta property=\"og:description\" content=\"Indicado para la transmisi\u00f3n pasiva video. - Ajustador de impedancia 3:4. - Previene la p\u00e9rdida de se\u00f1al por desacople de impedancia. - Terminal a coaxial mediante BNC macho. - Terminal a UTP de par atornillado. - Dise\u00f1o basado en bobina toroidal de ferrita. - Alcance en video an\u00e1logo color sobre UTP Cat5e: 400 metros. - Alcance en video an\u00e1logo monocromoo sobre UTP Cat5e: 600 metros - Color gris. - Display transparente con dos unidades. - Garant\u00eda: 3 meses.\" \/>\n<meta property=\"og:url\" content=\"https:\/\/safcomred.cl\/index.php\/product\/balun-pasivo-atornillado\/\" \/>\n<meta property=\"og:site_name\" content=\"Computacion-Redes y CCTV\" \/>\n<meta property=\"article:modified_time\" content=\"2022-06-08T12:45:02+00:00\" \/>\n<meta property=\"og:image\" content=\"https:\/\/safcomred.cl\/wp-content\/uploads\/2018\/05\/balun_video.jpg\" \/>\n\t<meta property=\"og:image:width\" content=\"345\" \/>\n\t<meta property=\"og:image:height\" content=\"345\" \/>\n\t<meta property=\"og:image:type\" content=\"image\/jpeg\" \/>\n<meta name=\"twitter:card\" content=\"summary_large_image\" \/>\n<script type=\"application\/ld+json\" class=\"yoast-schema-graph\">{\"@context\":\"https:\\\/\\\/schema.org\",\"@graph\":[{\"@type\":\"WebPage\",\"@id\":\"https:\\\/\\\/safcomred.cl\\\/index.php\\\/product\\\/balun-pasivo-atornillado\\\/\",\"url\":\"https:\\\/\\\/safcomred.cl\\\/index.php\\\/product\\\/balun-pasivo-atornillado\\\/\",\"name\":\"Balun Pasivo Atornillado. - Computacion-Redes y CCTV\",\"isPartOf\":{\"@id\":\"https:\\\/\\\/safcomred.cl\\\/#website\"},\"primaryImageOfPage\":{\"@id\":\"https:\\\/\\\/safcomred.cl\\\/index.php\\\/product\\\/balun-pasivo-atornillado\\\/#primaryimage\"},\"image\":{\"@id\":\"https:\\\/\\\/safcomred.cl\\\/index.php\\\/product\\\/balun-pasivo-atornillado\\\/#primaryimage\"},\"thumbnailUrl\":\"https:\\\/\\\/safcomred.cl\\\/wp-content\\\/uploads\\\/2018\\\/05\\\/balun_video.jpg\",\"datePublished\":\"2018-05-30T22:01:03+00:00\",\"dateModified\":\"2022-06-08T12:45:02+00:00\",\"breadcrumb\":{\"@id\":\"https:\\\/\\\/safcomred.cl\\\/index.php\\\/product\\\/balun-pasivo-atornillado\\\/#breadcrumb\"},\"inLanguage\":\"es-CL\",\"potentialAction\":[{\"@type\":\"ReadAction\",\"target\":[\"https:\\\/\\\/safcomred.cl\\\/index.php\\\/product\\\/balun-pasivo-atornillado\\\/\"]}]},{\"@type\":\"ImageObject\",\"inLanguage\":\"es-CL\",\"@id\":\"https:\\\/\\\/safcomred.cl\\\/index.php\\\/product\\\/balun-pasivo-atornillado\\\/#primaryimage\",\"url\":\"https:\\\/\\\/safcomred.cl\\\/wp-content\\\/uploads\\\/2018\\\/05\\\/balun_video.jpg\",\"contentUrl\":\"https:\\\/\\\/safcomred.cl\\\/wp-content\\\/uploads\\\/2018\\\/05\\\/balun_video.jpg\",\"width\":345,\"height\":345},{\"@type\":\"BreadcrumbList\",\"@id\":\"https:\\\/\\\/safcomred.cl\\\/index.php\\\/product\\\/balun-pasivo-atornillado\\\/#breadcrumb\",\"itemListElement\":[{\"@type\":\"ListItem\",\"position\":1,\"name\":\"Shop\",\"item\":\"https:\\\/\\\/safcomred.cl\\\/index.php\\\/shop-2\\\/\"},{\"@type\":\"ListItem\",\"position\":2,\"name\":\"Balun Pasivo Atornillado.\"}]},{\"@type\":\"WebSite\",\"@id\":\"https:\\\/\\\/safcomred.cl\\\/#website\",\"url\":\"https:\\\/\\\/safcomred.cl\\\/\",\"name\":\"Computacion-Redes y CCTV\",\"description\":\"Gestion-Mantencion-instalacion \",\"publisher\":{\"@id\":\"https:\\\/\\\/safcomred.cl\\\/#organization\"},\"potentialAction\":[{\"@type\":\"SearchAction\",\"target\":{\"@type\":\"EntryPoint\",\"urlTemplate\":\"https:\\\/\\\/safcomred.cl\\\/?s={search_term_string}\"},\"query-input\":{\"@type\":\"PropertyValueSpecification\",\"valueRequired\":true,\"valueName\":\"search_term_string\"}}],\"inLanguage\":\"es-CL\"},{\"@type\":\"Organization\",\"@id\":\"https:\\\/\\\/safcomred.cl\\\/#organization\",\"name\":\"Computacion-Redes y CCTV\",\"url\":\"https:\\\/\\\/safcomred.cl\\\/\",\"logo\":{\"@type\":\"ImageObject\",\"inLanguage\":\"es-CL\",\"@id\":\"https:\\\/\\\/safcomred.cl\\\/#\\\/schema\\\/logo\\\/image\\\/\",\"url\":\"https:\\\/\\\/safcomred.cl\\\/wp-content\\\/uploads\\\/2025\\\/01\\\/encabezado.jpg\",\"contentUrl\":\"https:\\\/\\\/safcomred.cl\\\/wp-content\\\/uploads\\\/2025\\\/01\\\/encabezado.jpg\",\"width\":1024,\"height\":111,\"caption\":\"Computacion-Redes y CCTV\"},\"image\":{\"@id\":\"https:\\\/\\\/safcomred.cl\\\/#\\\/schema\\\/logo\\\/image\\\/\"}}]}<\/script>\n<!-- \/ Yoast SEO plugin. -->","yoast_head_json":{"title":"Balun Pasivo Atornillado. - Computacion-Redes y CCTV","robots":{"index":"index","follow":"follow","max-snippet":"max-snippet:-1","max-image-preview":"max-image-preview:large","max-video-preview":"max-video-preview:-1"},"canonical":"https:\/\/safcomred.cl\/index.php\/product\/balun-pasivo-atornillado\/","og_locale":"es_ES","og_type":"article","og_title":"Balun Pasivo Atornillado. - Computacion-Redes y CCTV","og_description":"Indicado para la transmisi\u00f3n pasiva video. - Ajustador de impedancia 3:4. - Previene la p\u00e9rdida de se\u00f1al por desacople de impedancia. - Terminal a coaxial mediante BNC macho. - Terminal a UTP de par atornillado. - Dise\u00f1o basado en bobina toroidal de ferrita. - Alcance en video an\u00e1logo color sobre UTP Cat5e: 400 metros. - Alcance en video an\u00e1logo monocromoo sobre UTP Cat5e: 600 metros - Color gris. - Display transparente con dos unidades. - Garant\u00eda: 3 meses.","og_url":"https:\/\/safcomred.cl\/index.php\/product\/balun-pasivo-atornillado\/","og_site_name":"Computacion-Redes y CCTV","article_modified_time":"2022-06-08T12:45:02+00:00","og_image":[{"width":345,"height":345,"url":"https:\/\/safcomred.cl\/wp-content\/uploads\/2018\/05\/balun_video.jpg","type":"image\/jpeg"}],"twitter_card":"summary_large_image","schema":{"@context":"https:\/\/schema.org","@graph":[{"@type":"WebPage","@id":"https:\/\/safcomred.cl\/index.php\/product\/balun-pasivo-atornillado\/","url":"https:\/\/safcomred.cl\/index.php\/product\/balun-pasivo-atornillado\/","name":"Balun Pasivo Atornillado. - Computacion-Redes y CCTV","isPartOf":{"@id":"https:\/\/safcomred.cl\/#website"},"primaryImageOfPage":{"@id":"https:\/\/safcomred.cl\/index.php\/product\/balun-pasivo-atornillado\/#primaryimage"},"image":{"@id":"https:\/\/safcomred.cl\/index.php\/product\/balun-pasivo-atornillado\/#primaryimage"},"thumbnailUrl":"https:\/\/safcomred.cl\/wp-content\/uploads\/2018\/05\/balun_video.jpg","datePublished":"2018-05-30T22:01:03+00:00","dateModified":"2022-06-08T12:45:02+00:00","breadcrumb":{"@id":"https:\/\/safcomred.cl\/index.php\/product\/balun-pasivo-atornillado\/#breadcrumb"},"inLanguage":"es-CL","potentialAction":[{"@type":"ReadAction","target":["https:\/\/safcomred.cl\/index.php\/product\/balun-pasivo-atornillado\/"]}]},{"@type":"ImageObject","inLanguage":"es-CL","@id":"https:\/\/safcomred.cl\/index.php\/product\/balun-pasivo-atornillado\/#primaryimage","url":"https:\/\/safcomred.cl\/wp-content\/uploads\/2018\/05\/balun_video.jpg","contentUrl":"https:\/\/safcomred.cl\/wp-content\/uploads\/2018\/05\/balun_video.jpg","width":345,"height":345},{"@type":"BreadcrumbList","@id":"https:\/\/safcomred.cl\/index.php\/product\/balun-pasivo-atornillado\/#breadcrumb","itemListElement":[{"@type":"ListItem","position":1,"name":"Shop","item":"https:\/\/safcomred.cl\/index.php\/shop-2\/"},{"@type":"ListItem","position":2,"name":"Balun Pasivo Atornillado."}]},{"@type":"WebSite","@id":"https:\/\/safcomred.cl\/#website","url":"https:\/\/safcomred.cl\/","name":"Computacion-Redes y CCTV","description":"Gestion-Mantencion-instalacion ","publisher":{"@id":"https:\/\/safcomred.cl\/#organization"},"potentialAction":[{"@type":"SearchAction","target":{"@type":"EntryPoint","urlTemplate":"https:\/\/safcomred.cl\/?s={search_term_string}"},"query-input":{"@type":"PropertyValueSpecification","valueRequired":true,"valueName":"search_term_string"}}],"inLanguage":"es-CL"},{"@type":"Organization","@id":"https:\/\/safcomred.cl\/#organization","name":"Computacion-Redes y CCTV","url":"https:\/\/safcomred.cl\/","logo":{"@type":"ImageObject","inLanguage":"es-CL","@id":"https:\/\/safcomred.cl\/#\/schema\/logo\/image\/","url":"https:\/\/safcomred.cl\/wp-content\/uploads\/2025\/01\/encabezado.jpg","contentUrl":"https:\/\/safcomred.cl\/wp-content\/uploads\/2025\/01\/encabezado.jpg","width":1024,"height":111,"caption":"Computacion-Redes y CCTV"},"image":{"@id":"https:\/\/safcomred.cl\/#\/schema\/logo\/image\/"}}]}},"_links":{"self":[{"href":"https:\/\/safcomred.cl\/index.php\/wp-json\/wp\/v2\/product\/260","targetHints":{"allow":["GET"]}}],"collection":[{"href":"https:\/\/safcomred.cl\/index.php\/wp-json\/wp\/v2\/product"}],"about":[{"href":"https:\/\/safcomred.cl\/index.php\/wp-json\/wp\/v2\/types\/product"}],"replies":[{"embeddable":true,"href":"https:\/\/safcomred.cl\/index.php\/wp-json\/wp\/v2\/comments?post=260"}],"wp:featuredmedia":[{"embeddable":true,"href":"https:\/\/safcomred.cl\/index.php\/wp-json\/wp\/v2\/media\/261"}],"wp:attachment":[{"href":"https:\/\/safcomred.cl\/index.php\/wp-json\/wp\/v2\/media?parent=260"}],"wp:term":[{"taxonomy":"product_brand","embeddable":true,"href":"https:\/\/safcomred.cl\/index.php\/wp-json\/wp\/v2\/product_brand?post=260"},{"taxonomy":"product_cat","embeddable":true,"href":"https:\/\/safcomred.cl\/index.php\/wp-json\/wp\/v2\/product_cat?post=260"},{"taxonomy":"product_tag","embeddable":true,"href":"https:\/\/safcomred.cl\/index.php\/wp-json\/wp\/v2\/product_tag?post=260"}],"curies":[{"name":"wp","href":"https:\/\/api.w.org\/{rel}","templated":true}]}}