{"id":449,"date":"2020-06-09T17:11:10","date_gmt":"2020-06-09T17:11:10","guid":{"rendered":"https:\/\/safcomred.cl\/?post_type=product&#038;p=449"},"modified":"2022-04-29T00:48:36","modified_gmt":"2022-04-29T00:48:36","slug":"memoria-32gb-microsd-hc-ultra-clase-10-c-adaptador","status":"publish","type":"product","link":"https:\/\/safcomred.cl\/index.php\/product\/memoria-32gb-microsd-hc-ultra-clase-10-c-adaptador\/","title":{"rendered":"Memoria 32GB microSD HC Ultra Clase 10 c\/Adaptador"},"content":{"rendered":"<div class=\"container\">\n<div class=\"row\">\n<div class=\"col-md-12 col-sm-12 col-xs-12\">\n<div class=\"toch-prond-area\">\n<div class=\"toch-box\">\n<div class=\"row\">\n<div class=\"col-xs-12\">\n<div class=\"tab-content toch-description-review\">\n<div id=\"description\" class=\"tab-pane fade in active\" role=\"tabpanel\">\n<div class=\"row\">\n<div class=\"col-xs-12\">\n<div class=\"toch-description\">\n<p><img fetchpriority=\"high\" decoding=\"async\" class=\"alignnone size-medium wp-image-450\" src=\"https:\/\/safcomred.cl\/wp-content\/uploads\/2020\/06\/90AB4BBD-E210-4E58-984E-15FC400E7C28-300x300.png\" alt=\"\" width=\"300\" height=\"300\" \/>Captura y guarda m\u00e1s fotos de alta calidad y videos full HD en tu tableta o tel\u00e9fono inteligente Android&#x2122; con las tarjetas SanDisk Ultra microSD UHS-I. Con capacidades de almacenamiento de hasta 32 GB, son el complemento ideal para los tel\u00e9fonos inteligentes y las tabletas Android. Y la aplicaci\u00f3n SanDisk Memory Zone, disponible en la tienda de Google Play&#x2122;, te permite ver todos los archivos de la memoria de tu tel\u00e9fono, hacer copias de seguridad y acceder a ellos en un lugar conveniente de manera sencilla. Para que tu tel\u00e9fono inteligente funcione a su m\u00e1ximo rendimiento, puedes configurar esta aplicaci\u00f3n para que descargue de forma autom\u00e1tica los archivos de la memoria interna de tu tel\u00e9fono inteligente a tu tarjeta de memoria.<\/p>\n<ul>\n<li>Capacidades de hasta 32 GB para capturar, transportar y guardar todo lo que quieras<\/li>\n<li>Velocidades de transferencia r\u00e1pidas de hasta 80 MB\/s<\/li>\n<li>Incluye la clase 10 para Full HD<\/li>\n<li>Resistente al agua y a la temperatura, y a prueba de rayos x y golpes5.<\/li>\n<li>Se incluye el adaptador SD&#x2122; para tener compatibilidad con c\u00e1maras digitales.<\/li>\n<\/ul>\n<h2>HASTA 32GB PARA CAPTURAR, TRANSPORTAR Y GUARDAR TODO LO QUE QUIERAS<\/h2>\n<p>Los dispositivos m\u00f3viles de hoy tienen capacidades avanzadas para fotos y videos de modo que puedas registrar todos los momentos emocionantes de la vida. Las tarjetas SanDisk Ultra microSDHC&#x2122; y microSDXC&#x2122; UHS-I te permiten capturar, transportar y tener todos esos momentos al alcance de la mano. Agrega hasta 32 GB de almacenamiento para que ya no tengas que decidir entre lo que deseas guardar y lo que debes eliminar.<\/p>\n<h2>CLASIFICACI\u00d3N DE VELOCIDAD DE CLASE 10 PARA CAPTURAS DE VIDEO FULL HD<\/h2>\n<p>Esta tarjeta de memoria incluye la clasificaci\u00f3n de video de clase 10 para grabaci\u00f3n de video de alta calidad, de modo que puedas capturar Full HD sin exclusiones ni sobresaltos. Y con hasta 32GB de espacio de almacenamiento, las tarjetas te permiten guardar una gran cantidad de archivos de video full HD antes de tener que transferirlos a tu computadora.<\/p>\n<h2>REALIZA COPIAS DE SEGURIDAD DE TUS MEDIOS FAVORITOS F\u00c1CILMENTE CON LA APLICACI\u00d3N SANDISK MEMORY ZONE<\/h2>\n<p>La aplicaci\u00f3n SanDisk Memory Zone, disponible en la tienda de Google Play, facilita la visualizaci\u00f3n, el acceso y la realizaci\u00f3n de copias de seguridad de los archivos de la memoria de tu tel\u00e9fono en un lugar conveniente. Puedes configurar la aplicaci\u00f3n para que descargue de forma autom\u00e1tica los archivos de la memoria interna de tu dispositivo a una tarjeta de memoria.<\/p>\n<h2>DISE\u00d1O DURADERO<\/h2>\n<p>Las tarjetas SanDisk Ultra microSD UHS-I son resistentes al agua, a prueba de golpes, a prueba de rayos x y resistentes a la temperatura para proteger tus recuerdos de los contratiempos de la vida cotidiana. Lleva tu tel\u00e9fono o tableta a la nieve, a la piscina o al desierto. Incluso si tu dispositivo no perdura, la tarjeta de memoria s\u00ed lo har\u00e1.<\/p>\n<h2>AGREGA ALMACENAMIENTO A LAS TABLETAS Y A LOS TEL\u00c9FONOS INTELIGENTES ANDROID<\/h2>\n<p>Las tarjetas SanDisk Ultra microSD UHS-I son un compa\u00f1ero ideal para los tel\u00e9fonos inteligentes y las tabletas Android de alto rendimiento. El almacenamiento adicional de las tarjetas te permiten tomar m\u00e1s fotos y videos sin tener que preocuparte por la falta de espacio.<\/p>\n<h2>Especificaciones<\/h2>\n<ul>\n<li><strong>Capacidad <\/strong>32GB<\/li>\n<li><strong>Velocidad de lectura<\/strong> hasta 80MB\/S<\/li>\n<li><strong>Factor de forma<\/strong> microSDHC<\/li>\n<li><strong>Velocidad de video <\/strong>C10<\/li>\n<li><strong>Adaptador SD<\/strong> Si<\/li>\n<\/ul>\n<\/div>\n<\/div>\n<\/div>\n<\/div>\n<\/div>\n<\/div>\n<\/div>\n<\/div>\n<\/div>\n<\/div>\n<\/div>\n<\/div>\n<div class=\"brand-logo-area carosel-navigation\">\n<div class=\"container\">\n<div class=\"row\">\n<div class=\"col-md-12\">\n<div class=\"area-title\"><\/div>\n<\/div>\n<\/div>\n<\/div>\n<\/div>\n","protected":false},"excerpt":{"rendered":"<p>Captura y guarda m\u00e1s fotos de alta calidad y videos full HD en tu tableta o tel\u00e9fono inteligente Android&#x2122; con las tarjetas SanDisk Ultra microSD UHS-I. Con capacidades de almacenamiento de hasta 32 GB, son el complemento ideal para los tel\u00e9fonos inteligentes y las tabletas Android. Y la aplicaci\u00f3n SanDisk Memory Zone, disponible en la&hellip;<\/p>\n","protected":false},"featured_media":450,"comment_status":"open","ping_status":"closed","template":"","meta":[],"product_brand":[],"product_cat":[15],"product_tag":[],"class_list":{"0":"post-449","1":"product","2":"type-product","3":"status-publish","4":"has-post-thumbnail","6":"product_cat-uncategorized","8":"first","9":"instock","10":"taxable","11":"shipping-taxable","12":"purchasable","13":"product-type-simple"},"yoast_head":"<!-- This site is optimized with the Yoast SEO plugin v27.6 - https:\/\/yoast.com\/product\/yoast-seo-wordpress\/ -->\n<title>Memoria 32GB microSD HC Ultra Clase 10 c\/Adaptador - Computacion-Redes y CCTV<\/title>\n<meta name=\"robots\" content=\"index, follow, max-snippet:-1, max-image-preview:large, max-video-preview:-1\" \/>\n<link rel=\"canonical\" href=\"https:\/\/safcomred.cl\/index.php\/product\/memoria-32gb-microsd-hc-ultra-clase-10-c-adaptador\/\" \/>\n<meta property=\"og:locale\" content=\"es_ES\" \/>\n<meta property=\"og:type\" content=\"article\" \/>\n<meta property=\"og:title\" content=\"Memoria 32GB microSD HC Ultra Clase 10 c\/Adaptador - Computacion-Redes y CCTV\" \/>\n<meta property=\"og:description\" content=\"Captura y guarda m\u00e1s fotos de alta calidad y videos full HD en tu tableta o tel\u00e9fono inteligente Android&#x2122; con las tarjetas SanDisk Ultra microSD UHS-I. Con capacidades de almacenamiento de hasta 32 GB, son el complemento ideal para los tel\u00e9fonos inteligentes y las tabletas Android. Y la aplicaci\u00f3n SanDisk Memory Zone, disponible en la&hellip;\" \/>\n<meta property=\"og:url\" content=\"https:\/\/safcomred.cl\/index.php\/product\/memoria-32gb-microsd-hc-ultra-clase-10-c-adaptador\/\" \/>\n<meta property=\"og:site_name\" content=\"Computacion-Redes y CCTV\" \/>\n<meta property=\"article:modified_time\" content=\"2022-04-29T00:48:36+00:00\" \/>\n<meta property=\"og:image\" content=\"https:\/\/safcomred.cl\/wp-content\/uploads\/2020\/06\/90AB4BBD-E210-4E58-984E-15FC400E7C28.png\" \/>\n\t<meta property=\"og:image:width\" content=\"500\" \/>\n\t<meta property=\"og:image:height\" content=\"500\" \/>\n\t<meta property=\"og:image:type\" content=\"image\/png\" \/>\n<meta name=\"twitter:card\" content=\"summary_large_image\" \/>\n<meta name=\"twitter:label1\" content=\"Tiempo estimado de lectura\" \/>\n\t<meta name=\"twitter:data1\" content=\"3 minutos\" \/>\n<script type=\"application\/ld+json\" class=\"yoast-schema-graph\">{\"@context\":\"https:\\\/\\\/schema.org\",\"@graph\":[{\"@type\":\"WebPage\",\"@id\":\"https:\\\/\\\/safcomred.cl\\\/index.php\\\/product\\\/memoria-32gb-microsd-hc-ultra-clase-10-c-adaptador\\\/\",\"url\":\"https:\\\/\\\/safcomred.cl\\\/index.php\\\/product\\\/memoria-32gb-microsd-hc-ultra-clase-10-c-adaptador\\\/\",\"name\":\"Memoria 32GB microSD HC Ultra Clase 10 c\\\/Adaptador - Computacion-Redes y CCTV\",\"isPartOf\":{\"@id\":\"https:\\\/\\\/safcomred.cl\\\/#website\"},\"primaryImageOfPage\":{\"@id\":\"https:\\\/\\\/safcomred.cl\\\/index.php\\\/product\\\/memoria-32gb-microsd-hc-ultra-clase-10-c-adaptador\\\/#primaryimage\"},\"image\":{\"@id\":\"https:\\\/\\\/safcomred.cl\\\/index.php\\\/product\\\/memoria-32gb-microsd-hc-ultra-clase-10-c-adaptador\\\/#primaryimage\"},\"thumbnailUrl\":\"https:\\\/\\\/safcomred.cl\\\/wp-content\\\/uploads\\\/2020\\\/06\\\/90AB4BBD-E210-4E58-984E-15FC400E7C28.png\",\"datePublished\":\"2020-06-09T17:11:10+00:00\",\"dateModified\":\"2022-04-29T00:48:36+00:00\",\"breadcrumb\":{\"@id\":\"https:\\\/\\\/safcomred.cl\\\/index.php\\\/product\\\/memoria-32gb-microsd-hc-ultra-clase-10-c-adaptador\\\/#breadcrumb\"},\"inLanguage\":\"es-CL\",\"potentialAction\":[{\"@type\":\"ReadAction\",\"target\":[\"https:\\\/\\\/safcomred.cl\\\/index.php\\\/product\\\/memoria-32gb-microsd-hc-ultra-clase-10-c-adaptador\\\/\"]}]},{\"@type\":\"ImageObject\",\"inLanguage\":\"es-CL\",\"@id\":\"https:\\\/\\\/safcomred.cl\\\/index.php\\\/product\\\/memoria-32gb-microsd-hc-ultra-clase-10-c-adaptador\\\/#primaryimage\",\"url\":\"https:\\\/\\\/safcomred.cl\\\/wp-content\\\/uploads\\\/2020\\\/06\\\/90AB4BBD-E210-4E58-984E-15FC400E7C28.png\",\"contentUrl\":\"https:\\\/\\\/safcomred.cl\\\/wp-content\\\/uploads\\\/2020\\\/06\\\/90AB4BBD-E210-4E58-984E-15FC400E7C28.png\",\"width\":500,\"height\":500},{\"@type\":\"BreadcrumbList\",\"@id\":\"https:\\\/\\\/safcomred.cl\\\/index.php\\\/product\\\/memoria-32gb-microsd-hc-ultra-clase-10-c-adaptador\\\/#breadcrumb\",\"itemListElement\":[{\"@type\":\"ListItem\",\"position\":1,\"name\":\"Shop\",\"item\":\"https:\\\/\\\/safcomred.cl\\\/index.php\\\/shop-2\\\/\"},{\"@type\":\"ListItem\",\"position\":2,\"name\":\"Memoria 32GB microSD HC Ultra Clase 10 c\\\/Adaptador\"}]},{\"@type\":\"WebSite\",\"@id\":\"https:\\\/\\\/safcomred.cl\\\/#website\",\"url\":\"https:\\\/\\\/safcomred.cl\\\/\",\"name\":\"Computacion-Redes y CCTV\",\"description\":\"Gestion-Mantencion-instalacion \",\"publisher\":{\"@id\":\"https:\\\/\\\/safcomred.cl\\\/#organization\"},\"potentialAction\":[{\"@type\":\"SearchAction\",\"target\":{\"@type\":\"EntryPoint\",\"urlTemplate\":\"https:\\\/\\\/safcomred.cl\\\/?s={search_term_string}\"},\"query-input\":{\"@type\":\"PropertyValueSpecification\",\"valueRequired\":true,\"valueName\":\"search_term_string\"}}],\"inLanguage\":\"es-CL\"},{\"@type\":\"Organization\",\"@id\":\"https:\\\/\\\/safcomred.cl\\\/#organization\",\"name\":\"Computacion-Redes y CCTV\",\"url\":\"https:\\\/\\\/safcomred.cl\\\/\",\"logo\":{\"@type\":\"ImageObject\",\"inLanguage\":\"es-CL\",\"@id\":\"https:\\\/\\\/safcomred.cl\\\/#\\\/schema\\\/logo\\\/image\\\/\",\"url\":\"https:\\\/\\\/safcomred.cl\\\/wp-content\\\/uploads\\\/2025\\\/01\\\/encabezado.jpg\",\"contentUrl\":\"https:\\\/\\\/safcomred.cl\\\/wp-content\\\/uploads\\\/2025\\\/01\\\/encabezado.jpg\",\"width\":1024,\"height\":111,\"caption\":\"Computacion-Redes y CCTV\"},\"image\":{\"@id\":\"https:\\\/\\\/safcomred.cl\\\/#\\\/schema\\\/logo\\\/image\\\/\"}}]}<\/script>\n<!-- \/ Yoast SEO plugin. -->","yoast_head_json":{"title":"Memoria 32GB microSD HC Ultra Clase 10 c\/Adaptador - Computacion-Redes y CCTV","robots":{"index":"index","follow":"follow","max-snippet":"max-snippet:-1","max-image-preview":"max-image-preview:large","max-video-preview":"max-video-preview:-1"},"canonical":"https:\/\/safcomred.cl\/index.php\/product\/memoria-32gb-microsd-hc-ultra-clase-10-c-adaptador\/","og_locale":"es_ES","og_type":"article","og_title":"Memoria 32GB microSD HC Ultra Clase 10 c\/Adaptador - Computacion-Redes y CCTV","og_description":"Captura y guarda m\u00e1s fotos de alta calidad y videos full HD en tu tableta o tel\u00e9fono inteligente Android&#x2122; con las tarjetas SanDisk Ultra microSD UHS-I. Con capacidades de almacenamiento de hasta 32 GB, son el complemento ideal para los tel\u00e9fonos inteligentes y las tabletas Android. Y la aplicaci\u00f3n SanDisk Memory Zone, disponible en la&hellip;","og_url":"https:\/\/safcomred.cl\/index.php\/product\/memoria-32gb-microsd-hc-ultra-clase-10-c-adaptador\/","og_site_name":"Computacion-Redes y CCTV","article_modified_time":"2022-04-29T00:48:36+00:00","og_image":[{"width":500,"height":500,"url":"https:\/\/safcomred.cl\/wp-content\/uploads\/2020\/06\/90AB4BBD-E210-4E58-984E-15FC400E7C28.png","type":"image\/png"}],"twitter_card":"summary_large_image","twitter_misc":{"Tiempo estimado de lectura":"3 minutos"},"schema":{"@context":"https:\/\/schema.org","@graph":[{"@type":"WebPage","@id":"https:\/\/safcomred.cl\/index.php\/product\/memoria-32gb-microsd-hc-ultra-clase-10-c-adaptador\/","url":"https:\/\/safcomred.cl\/index.php\/product\/memoria-32gb-microsd-hc-ultra-clase-10-c-adaptador\/","name":"Memoria 32GB microSD HC Ultra Clase 10 c\/Adaptador - Computacion-Redes y CCTV","isPartOf":{"@id":"https:\/\/safcomred.cl\/#website"},"primaryImageOfPage":{"@id":"https:\/\/safcomred.cl\/index.php\/product\/memoria-32gb-microsd-hc-ultra-clase-10-c-adaptador\/#primaryimage"},"image":{"@id":"https:\/\/safcomred.cl\/index.php\/product\/memoria-32gb-microsd-hc-ultra-clase-10-c-adaptador\/#primaryimage"},"thumbnailUrl":"https:\/\/safcomred.cl\/wp-content\/uploads\/2020\/06\/90AB4BBD-E210-4E58-984E-15FC400E7C28.png","datePublished":"2020-06-09T17:11:10+00:00","dateModified":"2022-04-29T00:48:36+00:00","breadcrumb":{"@id":"https:\/\/safcomred.cl\/index.php\/product\/memoria-32gb-microsd-hc-ultra-clase-10-c-adaptador\/#breadcrumb"},"inLanguage":"es-CL","potentialAction":[{"@type":"ReadAction","target":["https:\/\/safcomred.cl\/index.php\/product\/memoria-32gb-microsd-hc-ultra-clase-10-c-adaptador\/"]}]},{"@type":"ImageObject","inLanguage":"es-CL","@id":"https:\/\/safcomred.cl\/index.php\/product\/memoria-32gb-microsd-hc-ultra-clase-10-c-adaptador\/#primaryimage","url":"https:\/\/safcomred.cl\/wp-content\/uploads\/2020\/06\/90AB4BBD-E210-4E58-984E-15FC400E7C28.png","contentUrl":"https:\/\/safcomred.cl\/wp-content\/uploads\/2020\/06\/90AB4BBD-E210-4E58-984E-15FC400E7C28.png","width":500,"height":500},{"@type":"BreadcrumbList","@id":"https:\/\/safcomred.cl\/index.php\/product\/memoria-32gb-microsd-hc-ultra-clase-10-c-adaptador\/#breadcrumb","itemListElement":[{"@type":"ListItem","position":1,"name":"Shop","item":"https:\/\/safcomred.cl\/index.php\/shop-2\/"},{"@type":"ListItem","position":2,"name":"Memoria 32GB microSD HC Ultra Clase 10 c\/Adaptador"}]},{"@type":"WebSite","@id":"https:\/\/safcomred.cl\/#website","url":"https:\/\/safcomred.cl\/","name":"Computacion-Redes y CCTV","description":"Gestion-Mantencion-instalacion ","publisher":{"@id":"https:\/\/safcomred.cl\/#organization"},"potentialAction":[{"@type":"SearchAction","target":{"@type":"EntryPoint","urlTemplate":"https:\/\/safcomred.cl\/?s={search_term_string}"},"query-input":{"@type":"PropertyValueSpecification","valueRequired":true,"valueName":"search_term_string"}}],"inLanguage":"es-CL"},{"@type":"Organization","@id":"https:\/\/safcomred.cl\/#organization","name":"Computacion-Redes y CCTV","url":"https:\/\/safcomred.cl\/","logo":{"@type":"ImageObject","inLanguage":"es-CL","@id":"https:\/\/safcomred.cl\/#\/schema\/logo\/image\/","url":"https:\/\/safcomred.cl\/wp-content\/uploads\/2025\/01\/encabezado.jpg","contentUrl":"https:\/\/safcomred.cl\/wp-content\/uploads\/2025\/01\/encabezado.jpg","width":1024,"height":111,"caption":"Computacion-Redes y CCTV"},"image":{"@id":"https:\/\/safcomred.cl\/#\/schema\/logo\/image\/"}}]}},"_links":{"self":[{"href":"https:\/\/safcomred.cl\/index.php\/wp-json\/wp\/v2\/product\/449","targetHints":{"allow":["GET"]}}],"collection":[{"href":"https:\/\/safcomred.cl\/index.php\/wp-json\/wp\/v2\/product"}],"about":[{"href":"https:\/\/safcomred.cl\/index.php\/wp-json\/wp\/v2\/types\/product"}],"replies":[{"embeddable":true,"href":"https:\/\/safcomred.cl\/index.php\/wp-json\/wp\/v2\/comments?post=449"}],"wp:featuredmedia":[{"embeddable":true,"href":"https:\/\/safcomred.cl\/index.php\/wp-json\/wp\/v2\/media\/450"}],"wp:attachment":[{"href":"https:\/\/safcomred.cl\/index.php\/wp-json\/wp\/v2\/media?parent=449"}],"wp:term":[{"taxonomy":"product_brand","embeddable":true,"href":"https:\/\/safcomred.cl\/index.php\/wp-json\/wp\/v2\/product_brand?post=449"},{"taxonomy":"product_cat","embeddable":true,"href":"https:\/\/safcomred.cl\/index.php\/wp-json\/wp\/v2\/product_cat?post=449"},{"taxonomy":"product_tag","embeddable":true,"href":"https:\/\/safcomred.cl\/index.php\/wp-json\/wp\/v2\/product_tag?post=449"}],"curies":[{"name":"wp","href":"https:\/\/api.w.org\/{rel}","templated":true}]}}